{"id":5064,"date":"2019-06-21T18:28:03","date_gmt":"2019-06-21T18:28:03","guid":{"rendered":"https:\/\/armstrongtire.eu\/tires\/"},"modified":"2021-09-24T09:56:48","modified_gmt":"2021-09-24T09:56:48","slug":"tyres","status":"publish","type":"page","link":"https:\/\/armstrongtire.eu\/sl\/passenger\/tyres\/","title":{"rendered":"Pnevmatike"},"content":{"rendered":"<p>Ponujamo \u2018\u2019Built to Last\u2019\u2019 garancijo, saj so na\u0161e pnevmatike ustvarjene prav za to. Poi\u0161\u010dite po vrsti ali velikosti pnevmatike in izvedite ve\u010d o na\u0161em edinstvenem pristopu k oblikovanju in proizvodnji.<\/p>\n","protected":false},"excerpt":{"rendered":"<p>Ponujamo \u2018\u2019Built to Last\u2019\u2019 garancijo, saj so na\u0161e pnevmatike ustvarjene prav za to. Poi\u0161\u010dite po vrsti ali velikosti pnevmatike in izvedite ve\u010d o na\u0161em edinstvenem pristopu k oblikovanju in proizvodnji.<\/p>\n","protected":false},"author":2,"featured_media":0,"parent":5073,"menu_order":0,"comment_status":"closed","ping_status":"closed","template":"template-tires.php","meta":{"_acf_changed":false,"footnotes":""},"class_list":["post-5064","page","type-page","status-publish","hentry"],"acf":[],"yoast_head":"<!-- This site is optimized with the Yoast SEO plugin v24.3 - https:\/\/yoast.com\/wordpress\/plugins\/seo\/ -->\n<title>Pnevmatike - Armstrong Tyres<\/title>\n<meta name=\"robots\" content=\"index, follow, max-snippet:-1, max-image-preview:large, max-video-preview:-1\" \/>\n<link rel=\"canonical\" href=\"https:\/\/armstrongtire.eu\/passenger\/tires\/\" \/>\n<meta property=\"og:locale\" content=\"sl_SI\" \/>\n<meta property=\"og:type\" content=\"article\" \/>\n<meta property=\"og:title\" content=\"Pnevmatike - Armstrong Tyres\" \/>\n<meta property=\"og:description\" content=\"Ponujamo \u2018\u2019Built to Last\u2019\u2019 garancijo, saj so na\u0161e pnevmatike ustvarjene prav za to. Poi\u0161\u010dite po vrsti ali velikosti pnevmatike in izvedite ve\u010d o na\u0161em edinstvenem pristopu k oblikovanju in proizvodnji.\" \/>\n<meta property=\"og:url\" content=\"https:\/\/armstrongtire.eu\/passenger\/tires\/\" \/>\n<meta property=\"og:site_name\" content=\"Armstrong Tyres\" \/>\n<meta property=\"article:modified_time\" content=\"2021-09-24T09:56:48+00:00\" \/>\n<meta name=\"twitter:card\" content=\"summary_large_image\" \/>\n<script type=\"application\/ld+json\" class=\"yoast-schema-graph\">{\"@context\":\"https:\/\/schema.org\",\"@graph\":[{\"@type\":\"WebPage\",\"@id\":\"https:\/\/armstrongtire.eu\/passenger\/tires\/\",\"url\":\"https:\/\/armstrongtire.eu\/passenger\/tires\/\",\"name\":\"Pnevmatike - Armstrong Tyres\",\"isPartOf\":{\"@id\":\"https:\/\/armstrongtire.eu\/#website\"},\"datePublished\":\"2019-06-21T18:28:03+00:00\",\"dateModified\":\"2021-09-24T09:56:48+00:00\",\"breadcrumb\":{\"@id\":\"https:\/\/armstrongtire.eu\/passenger\/tires\/#breadcrumb\"},\"inLanguage\":\"sl-SI\",\"potentialAction\":[{\"@type\":\"ReadAction\",\"target\":[\"https:\/\/armstrongtire.eu\/passenger\/tires\/\"]}]},{\"@type\":\"BreadcrumbList\",\"@id\":\"https:\/\/armstrongtire.eu\/passenger\/tires\/#breadcrumb\",\"itemListElement\":[{\"@type\":\"ListItem\",\"position\":1,\"name\":\"Home\",\"item\":\"https:\/\/armstrongtire.eu\/sl\/\"},{\"@type\":\"ListItem\",\"position\":2,\"name\":\"Potnik\",\"item\":\"https:\/\/armstrongtire.eu\/sl\/passenger\/\"},{\"@type\":\"ListItem\",\"position\":3,\"name\":\"Pnevmatike\"}]},{\"@type\":\"WebSite\",\"@id\":\"https:\/\/armstrongtire.eu\/#website\",\"url\":\"https:\/\/armstrongtire.eu\/\",\"name\":\"Armstrong Tyres\",\"description\":\"\",\"potentialAction\":[{\"@type\":\"SearchAction\",\"target\":{\"@type\":\"EntryPoint\",\"urlTemplate\":\"https:\/\/armstrongtire.eu\/?s={search_term_string}\"},\"query-input\":{\"@type\":\"PropertyValueSpecification\",\"valueRequired\":true,\"valueName\":\"search_term_string\"}}],\"inLanguage\":\"sl-SI\"}]}<\/script>\n<!-- \/ Yoast SEO plugin. -->","yoast_head_json":{"title":"Pnevmatike - Armstrong Tyres","robots":{"index":"index","follow":"follow","max-snippet":"max-snippet:-1","max-image-preview":"max-image-preview:large","max-video-preview":"max-video-preview:-1"},"canonical":"https:\/\/armstrongtire.eu\/passenger\/tires\/","og_locale":"sl_SI","og_type":"article","og_title":"Pnevmatike - Armstrong Tyres","og_description":"Ponujamo \u2018\u2019Built to Last\u2019\u2019 garancijo, saj so na\u0161e pnevmatike ustvarjene prav za to. Poi\u0161\u010dite po vrsti ali velikosti pnevmatike in izvedite ve\u010d o na\u0161em edinstvenem pristopu k oblikovanju in proizvodnji.","og_url":"https:\/\/armstrongtire.eu\/passenger\/tires\/","og_site_name":"Armstrong Tyres","article_modified_time":"2021-09-24T09:56:48+00:00","twitter_card":"summary_large_image","schema":{"@context":"https:\/\/schema.org","@graph":[{"@type":"WebPage","@id":"https:\/\/armstrongtire.eu\/passenger\/tires\/","url":"https:\/\/armstrongtire.eu\/passenger\/tires\/","name":"Pnevmatike - Armstrong Tyres","isPartOf":{"@id":"https:\/\/armstrongtire.eu\/#website"},"datePublished":"2019-06-21T18:28:03+00:00","dateModified":"2021-09-24T09:56:48+00:00","breadcrumb":{"@id":"https:\/\/armstrongtire.eu\/passenger\/tires\/#breadcrumb"},"inLanguage":"sl-SI","potentialAction":[{"@type":"ReadAction","target":["https:\/\/armstrongtire.eu\/passenger\/tires\/"]}]},{"@type":"BreadcrumbList","@id":"https:\/\/armstrongtire.eu\/passenger\/tires\/#breadcrumb","itemListElement":[{"@type":"ListItem","position":1,"name":"Home","item":"https:\/\/armstrongtire.eu\/sl\/"},{"@type":"ListItem","position":2,"name":"Potnik","item":"https:\/\/armstrongtire.eu\/sl\/passenger\/"},{"@type":"ListItem","position":3,"name":"Pnevmatike"}]},{"@type":"WebSite","@id":"https:\/\/armstrongtire.eu\/#website","url":"https:\/\/armstrongtire.eu\/","name":"Armstrong Tyres","description":"","potentialAction":[{"@type":"SearchAction","target":{"@type":"EntryPoint","urlTemplate":"https:\/\/armstrongtire.eu\/?s={search_term_string}"},"query-input":{"@type":"PropertyValueSpecification","valueRequired":true,"valueName":"search_term_string"}}],"inLanguage":"sl-SI"}]}},"_links":{"self":[{"href":"https:\/\/armstrongtire.eu\/sl\/wp-json\/wp\/v2\/pages\/5064","targetHints":{"allow":["GET"]}}],"collection":[{"href":"https:\/\/armstrongtire.eu\/sl\/wp-json\/wp\/v2\/pages"}],"about":[{"href":"https:\/\/armstrongtire.eu\/sl\/wp-json\/wp\/v2\/types\/page"}],"author":[{"embeddable":true,"href":"https:\/\/armstrongtire.eu\/sl\/wp-json\/wp\/v2\/users\/2"}],"replies":[{"embeddable":true,"href":"https:\/\/armstrongtire.eu\/sl\/wp-json\/wp\/v2\/comments?post=5064"}],"version-history":[{"count":0,"href":"https:\/\/armstrongtire.eu\/sl\/wp-json\/wp\/v2\/pages\/5064\/revisions"}],"up":[{"embeddable":true,"href":"https:\/\/armstrongtire.eu\/sl\/wp-json\/wp\/v2\/pages\/5073"}],"wp:attachment":[{"href":"https:\/\/armstrongtire.eu\/sl\/wp-json\/wp\/v2\/media?parent=5064"}],"curies":[{"name":"wp","href":"https:\/\/api.w.org\/{rel}","templated":true}]}}