{"id":9844,"date":"2019-06-21T18:27:42","date_gmt":"2019-06-21T18:27:42","guid":{"rendered":"https:\/\/armstrongtire.eu\/tires-2\/"},"modified":"2021-09-24T09:55:29","modified_gmt":"2021-09-24T09:55:29","slug":"tyres","status":"publish","type":"page","link":"https:\/\/armstrongtire.eu\/ro\/commercial\/tyres\/","title":{"rendered":"Anvelope"},"content":{"rendered":"<p><strong>Oferim o Garan\u021bie construit\u0103 S\u0103 Dureze, deoarece anvelopele noastre sunt construite pentru a face acest lucru.<\/strong> C\u0103uta\u021bi \u00een func\u021bie de tipul de anvelop\u0103 sau dimensiune pentru a afla mai multe despre designul nostru unic \u0219i abordarea fabrica\u021biei.<\/p>\n","protected":false},"excerpt":{"rendered":"<p>Oferim o Garan\u021bie construit\u0103 S\u0103 Dureze, deoarece anvelopele noastre sunt construite pentru a face acest lucru. C\u0103uta\u021bi \u00een func\u021bie de tipul de anvelop\u0103 sau dimensiune pentru a afla mai multe despre designul nostru unic \u0219i abordarea fabrica\u021biei.<\/p>\n","protected":false},"author":2,"featured_media":0,"parent":9856,"menu_order":0,"comment_status":"closed","ping_status":"closed","template":"template-tires.php","meta":{"_acf_changed":false,"footnotes":""},"class_list":["post-9844","page","type-page","status-publish","hentry"],"acf":[],"yoast_head":"<!-- This site is optimized with the Yoast SEO plugin v24.3 - https:\/\/yoast.com\/wordpress\/plugins\/seo\/ -->\n<title>Anvelope - Armstrong Tyres<\/title>\n<meta name=\"robots\" content=\"index, follow, max-snippet:-1, max-image-preview:large, max-video-preview:-1\" \/>\n<link rel=\"canonical\" href=\"https:\/\/armstrongtire.eu\/commercial\/tires\/\" \/>\n<meta property=\"og:locale\" content=\"ro_RO\" \/>\n<meta property=\"og:type\" content=\"article\" \/>\n<meta property=\"og:title\" content=\"Anvelope - Armstrong Tyres\" \/>\n<meta property=\"og:description\" content=\"Oferim o Garan\u021bie construit\u0103 S\u0103 Dureze, deoarece anvelopele noastre sunt construite pentru a face acest lucru. C\u0103uta\u021bi \u00een func\u021bie de tipul de anvelop\u0103 sau dimensiune pentru a afla mai multe despre designul nostru unic \u0219i abordarea fabrica\u021biei.\" \/>\n<meta property=\"og:url\" content=\"https:\/\/armstrongtire.eu\/commercial\/tires\/\" \/>\n<meta property=\"og:site_name\" content=\"Armstrong Tyres\" \/>\n<meta property=\"article:modified_time\" content=\"2021-09-24T09:55:29+00:00\" \/>\n<meta name=\"twitter:card\" content=\"summary_large_image\" \/>\n<script type=\"application\/ld+json\" class=\"yoast-schema-graph\">{\"@context\":\"https:\/\/schema.org\",\"@graph\":[{\"@type\":\"WebPage\",\"@id\":\"https:\/\/armstrongtire.eu\/commercial\/tires\/\",\"url\":\"https:\/\/armstrongtire.eu\/commercial\/tires\/\",\"name\":\"Anvelope - Armstrong Tyres\",\"isPartOf\":{\"@id\":\"https:\/\/armstrongtire.eu\/#website\"},\"datePublished\":\"2019-06-21T18:27:42+00:00\",\"dateModified\":\"2021-09-24T09:55:29+00:00\",\"breadcrumb\":{\"@id\":\"https:\/\/armstrongtire.eu\/commercial\/tires\/#breadcrumb\"},\"inLanguage\":\"ro-RO\",\"potentialAction\":[{\"@type\":\"ReadAction\",\"target\":[\"https:\/\/armstrongtire.eu\/commercial\/tires\/\"]}]},{\"@type\":\"BreadcrumbList\",\"@id\":\"https:\/\/armstrongtire.eu\/commercial\/tires\/#breadcrumb\",\"itemListElement\":[{\"@type\":\"ListItem\",\"position\":1,\"name\":\"Home\",\"item\":\"https:\/\/armstrongtire.eu\/ro\/\"},{\"@type\":\"ListItem\",\"position\":2,\"name\":\"Anvelope comerciale\",\"item\":\"https:\/\/armstrongtire.eu\/commercial\/\"},{\"@type\":\"ListItem\",\"position\":3,\"name\":\"Anvelope\"}]},{\"@type\":\"WebSite\",\"@id\":\"https:\/\/armstrongtire.eu\/#website\",\"url\":\"https:\/\/armstrongtire.eu\/\",\"name\":\"Armstrong Tyres\",\"description\":\"\",\"potentialAction\":[{\"@type\":\"SearchAction\",\"target\":{\"@type\":\"EntryPoint\",\"urlTemplate\":\"https:\/\/armstrongtire.eu\/?s={search_term_string}\"},\"query-input\":{\"@type\":\"PropertyValueSpecification\",\"valueRequired\":true,\"valueName\":\"search_term_string\"}}],\"inLanguage\":\"ro-RO\"}]}<\/script>\n<!-- \/ Yoast SEO plugin. -->","yoast_head_json":{"title":"Anvelope - Armstrong Tyres","robots":{"index":"index","follow":"follow","max-snippet":"max-snippet:-1","max-image-preview":"max-image-preview:large","max-video-preview":"max-video-preview:-1"},"canonical":"https:\/\/armstrongtire.eu\/commercial\/tires\/","og_locale":"ro_RO","og_type":"article","og_title":"Anvelope - Armstrong Tyres","og_description":"Oferim o Garan\u021bie construit\u0103 S\u0103 Dureze, deoarece anvelopele noastre sunt construite pentru a face acest lucru. C\u0103uta\u021bi \u00een func\u021bie de tipul de anvelop\u0103 sau dimensiune pentru a afla mai multe despre designul nostru unic \u0219i abordarea fabrica\u021biei.","og_url":"https:\/\/armstrongtire.eu\/commercial\/tires\/","og_site_name":"Armstrong Tyres","article_modified_time":"2021-09-24T09:55:29+00:00","twitter_card":"summary_large_image","schema":{"@context":"https:\/\/schema.org","@graph":[{"@type":"WebPage","@id":"https:\/\/armstrongtire.eu\/commercial\/tires\/","url":"https:\/\/armstrongtire.eu\/commercial\/tires\/","name":"Anvelope - Armstrong Tyres","isPartOf":{"@id":"https:\/\/armstrongtire.eu\/#website"},"datePublished":"2019-06-21T18:27:42+00:00","dateModified":"2021-09-24T09:55:29+00:00","breadcrumb":{"@id":"https:\/\/armstrongtire.eu\/commercial\/tires\/#breadcrumb"},"inLanguage":"ro-RO","potentialAction":[{"@type":"ReadAction","target":["https:\/\/armstrongtire.eu\/commercial\/tires\/"]}]},{"@type":"BreadcrumbList","@id":"https:\/\/armstrongtire.eu\/commercial\/tires\/#breadcrumb","itemListElement":[{"@type":"ListItem","position":1,"name":"Home","item":"https:\/\/armstrongtire.eu\/ro\/"},{"@type":"ListItem","position":2,"name":"Anvelope comerciale","item":"https:\/\/armstrongtire.eu\/commercial\/"},{"@type":"ListItem","position":3,"name":"Anvelope"}]},{"@type":"WebSite","@id":"https:\/\/armstrongtire.eu\/#website","url":"https:\/\/armstrongtire.eu\/","name":"Armstrong Tyres","description":"","potentialAction":[{"@type":"SearchAction","target":{"@type":"EntryPoint","urlTemplate":"https:\/\/armstrongtire.eu\/?s={search_term_string}"},"query-input":{"@type":"PropertyValueSpecification","valueRequired":true,"valueName":"search_term_string"}}],"inLanguage":"ro-RO"}]}},"_links":{"self":[{"href":"https:\/\/armstrongtire.eu\/ro\/wp-json\/wp\/v2\/pages\/9844","targetHints":{"allow":["GET"]}}],"collection":[{"href":"https:\/\/armstrongtire.eu\/ro\/wp-json\/wp\/v2\/pages"}],"about":[{"href":"https:\/\/armstrongtire.eu\/ro\/wp-json\/wp\/v2\/types\/page"}],"author":[{"embeddable":true,"href":"https:\/\/armstrongtire.eu\/ro\/wp-json\/wp\/v2\/users\/2"}],"replies":[{"embeddable":true,"href":"https:\/\/armstrongtire.eu\/ro\/wp-json\/wp\/v2\/comments?post=9844"}],"version-history":[{"count":0,"href":"https:\/\/armstrongtire.eu\/ro\/wp-json\/wp\/v2\/pages\/9844\/revisions"}],"up":[{"embeddable":true,"href":"https:\/\/armstrongtire.eu\/ro\/wp-json\/wp\/v2\/pages\/9856"}],"wp:attachment":[{"href":"https:\/\/armstrongtire.eu\/ro\/wp-json\/wp\/v2\/media?parent=9844"}],"curies":[{"name":"wp","href":"https:\/\/api.w.org\/{rel}","templated":true}]}}