{"id":3017,"date":"2021-04-02T12:40:14","date_gmt":"2021-04-02T12:40:14","guid":{"rendered":"https:\/\/armstrongtire.eu\/privacy-policy\/"},"modified":"2022-03-18T12:08:36","modified_gmt":"2022-03-18T12:08:36","slug":"privacy-policy","status":"publish","type":"page","link":"https:\/\/armstrongtire.eu\/pt-pt\/privacy-policy\/","title":{"rendered":"Pol\u00edtica de privacidade"},"content":{"rendered":"<p>Data efetiva : 21 de maio de 2020<\/p>\n<p>A Empresa reconhece a import\u00e2ncia da privacidade do Utilizador e esta \u00e9 levada muito a s\u00e9rio. Esta Pol\u00edtica de Privacidade e Cookies descreve as pol\u00edticas e procedimentos da Armstrongtyres na recolha, uso e divulga\u00e7\u00e3o da informa\u00e7\u00e3o do Utilizador quando utiliza os servi\u00e7os, o Website disponibilizado pela Armstrongtyres (os \u201cServi\u00e7os\u201d) e informa o Utilizador sobre os seus direitos de privacidade e como est\u00e1 protegido por lei. Ao utilizar os Servi\u00e7os, o Utilizador consente que a sua informa\u00e7\u00e3o seja utilizada de acordo com a presente Pol\u00edtica de Privacidade e Cookies. A Armstrongtyres n\u00e3o usar\u00e1 nem partilhar\u00e1 os Dados Pessoais do Utilizador com ningu\u00e9m, exceto conforme descrito nesta Pol\u00edtica de Privacidade e Cookies. Os termos em mai\u00fasculas que n\u00e3o est\u00e3o definidos nesta Pol\u00edtica de Privacidade e Cookies t\u00eam o significado que lhes \u00e9 atribu\u00eddo nos Termos de Servi\u00e7o.<\/p>\n","protected":false},"excerpt":{"rendered":"<p>Data efetiva : 21 de maio de 2020 A Empresa reconhece a import\u00e2ncia da privacidade do Utilizador e esta \u00e9 levada muito a s\u00e9rio. Esta Pol\u00edtica de Privacidade e Cookies descreve as pol\u00edticas e procedimentos da Armstrongtyres na recolha, uso e divulga\u00e7\u00e3o da informa\u00e7\u00e3o do Utilizador quando utiliza os servi\u00e7os, o Website disponibilizado pela Armstrongtyres [&hellip;]<\/p>\n","protected":false},"author":8,"featured_media":0,"parent":0,"menu_order":0,"comment_status":"closed","ping_status":"closed","template":"template-privacy-policy.php","meta":{"_acf_changed":false,"footnotes":""},"class_list":["post-3017","page","type-page","status-publish","hentry"],"acf":[],"yoast_head":"<!-- This site is optimized with the Yoast SEO plugin v24.3 - https:\/\/yoast.com\/wordpress\/plugins\/seo\/ -->\n<title>Pol\u00edtica de privacidade - Armstrong Tyres<\/title>\n<meta name=\"robots\" content=\"index, follow, max-snippet:-1, max-image-preview:large, max-video-preview:-1\" \/>\n<link rel=\"canonical\" href=\"https:\/\/armstrongtire.eu\/privacy-policy\/\" \/>\n<meta property=\"og:locale\" content=\"pt_PT\" \/>\n<meta property=\"og:type\" content=\"article\" \/>\n<meta property=\"og:title\" content=\"Pol\u00edtica de privacidade - Armstrong Tyres\" \/>\n<meta property=\"og:description\" content=\"Data efetiva : 21 de maio de 2020 A Empresa reconhece a import\u00e2ncia da privacidade do Utilizador e esta \u00e9 levada muito a s\u00e9rio. Esta Pol\u00edtica de Privacidade e Cookies descreve as pol\u00edticas e procedimentos da Armstrongtyres na recolha, uso e divulga\u00e7\u00e3o da informa\u00e7\u00e3o do Utilizador quando utiliza os servi\u00e7os, o Website disponibilizado pela Armstrongtyres [&hellip;]\" \/>\n<meta property=\"og:url\" content=\"https:\/\/armstrongtire.eu\/privacy-policy\/\" \/>\n<meta property=\"og:site_name\" content=\"Armstrong Tyres\" \/>\n<meta property=\"article:modified_time\" content=\"2022-03-18T12:08:36+00:00\" \/>\n<meta name=\"twitter:card\" content=\"summary_large_image\" \/>\n<meta name=\"twitter:label1\" content=\"Est. reading time\" \/>\n\t<meta name=\"twitter:data1\" content=\"1 minute\" \/>\n<script type=\"application\/ld+json\" class=\"yoast-schema-graph\">{\"@context\":\"https:\/\/schema.org\",\"@graph\":[{\"@type\":\"WebPage\",\"@id\":\"https:\/\/armstrongtire.eu\/privacy-policy\/\",\"url\":\"https:\/\/armstrongtire.eu\/privacy-policy\/\",\"name\":\"Pol\u00edtica de privacidade - Armstrong Tyres\",\"isPartOf\":{\"@id\":\"https:\/\/armstrongtire.eu\/#website\"},\"datePublished\":\"2021-04-02T12:40:14+00:00\",\"dateModified\":\"2022-03-18T12:08:36+00:00\",\"breadcrumb\":{\"@id\":\"https:\/\/armstrongtire.eu\/privacy-policy\/#breadcrumb\"},\"inLanguage\":\"pt-PT\",\"potentialAction\":[{\"@type\":\"ReadAction\",\"target\":[\"https:\/\/armstrongtire.eu\/privacy-policy\/\"]}]},{\"@type\":\"BreadcrumbList\",\"@id\":\"https:\/\/armstrongtire.eu\/privacy-policy\/#breadcrumb\",\"itemListElement\":[{\"@type\":\"ListItem\",\"position\":1,\"name\":\"Home\",\"item\":\"https:\/\/armstrongtire.eu\/pt-pt\/\"},{\"@type\":\"ListItem\",\"position\":2,\"name\":\"Pol\u00edtica de privacidade\"}]},{\"@type\":\"WebSite\",\"@id\":\"https:\/\/armstrongtire.eu\/#website\",\"url\":\"https:\/\/armstrongtire.eu\/\",\"name\":\"Armstrong Tyres\",\"description\":\"\",\"potentialAction\":[{\"@type\":\"SearchAction\",\"target\":{\"@type\":\"EntryPoint\",\"urlTemplate\":\"https:\/\/armstrongtire.eu\/?s={search_term_string}\"},\"query-input\":{\"@type\":\"PropertyValueSpecification\",\"valueRequired\":true,\"valueName\":\"search_term_string\"}}],\"inLanguage\":\"pt-PT\"}]}<\/script>\n<!-- \/ Yoast SEO plugin. -->","yoast_head_json":{"title":"Pol\u00edtica de privacidade - Armstrong Tyres","robots":{"index":"index","follow":"follow","max-snippet":"max-snippet:-1","max-image-preview":"max-image-preview:large","max-video-preview":"max-video-preview:-1"},"canonical":"https:\/\/armstrongtire.eu\/privacy-policy\/","og_locale":"pt_PT","og_type":"article","og_title":"Pol\u00edtica de privacidade - Armstrong Tyres","og_description":"Data efetiva : 21 de maio de 2020 A Empresa reconhece a import\u00e2ncia da privacidade do Utilizador e esta \u00e9 levada muito a s\u00e9rio. Esta Pol\u00edtica de Privacidade e Cookies descreve as pol\u00edticas e procedimentos da Armstrongtyres na recolha, uso e divulga\u00e7\u00e3o da informa\u00e7\u00e3o do Utilizador quando utiliza os servi\u00e7os, o Website disponibilizado pela Armstrongtyres [&hellip;]","og_url":"https:\/\/armstrongtire.eu\/privacy-policy\/","og_site_name":"Armstrong Tyres","article_modified_time":"2022-03-18T12:08:36+00:00","twitter_card":"summary_large_image","twitter_misc":{"Est. reading time":"1 minute"},"schema":{"@context":"https:\/\/schema.org","@graph":[{"@type":"WebPage","@id":"https:\/\/armstrongtire.eu\/privacy-policy\/","url":"https:\/\/armstrongtire.eu\/privacy-policy\/","name":"Pol\u00edtica de privacidade - Armstrong Tyres","isPartOf":{"@id":"https:\/\/armstrongtire.eu\/#website"},"datePublished":"2021-04-02T12:40:14+00:00","dateModified":"2022-03-18T12:08:36+00:00","breadcrumb":{"@id":"https:\/\/armstrongtire.eu\/privacy-policy\/#breadcrumb"},"inLanguage":"pt-PT","potentialAction":[{"@type":"ReadAction","target":["https:\/\/armstrongtire.eu\/privacy-policy\/"]}]},{"@type":"BreadcrumbList","@id":"https:\/\/armstrongtire.eu\/privacy-policy\/#breadcrumb","itemListElement":[{"@type":"ListItem","position":1,"name":"Home","item":"https:\/\/armstrongtire.eu\/pt-pt\/"},{"@type":"ListItem","position":2,"name":"Pol\u00edtica de privacidade"}]},{"@type":"WebSite","@id":"https:\/\/armstrongtire.eu\/#website","url":"https:\/\/armstrongtire.eu\/","name":"Armstrong Tyres","description":"","potentialAction":[{"@type":"SearchAction","target":{"@type":"EntryPoint","urlTemplate":"https:\/\/armstrongtire.eu\/?s={search_term_string}"},"query-input":{"@type":"PropertyValueSpecification","valueRequired":true,"valueName":"search_term_string"}}],"inLanguage":"pt-PT"}]}},"_links":{"self":[{"href":"https:\/\/armstrongtire.eu\/pt-pt\/wp-json\/wp\/v2\/pages\/3017","targetHints":{"allow":["GET"]}}],"collection":[{"href":"https:\/\/armstrongtire.eu\/pt-pt\/wp-json\/wp\/v2\/pages"}],"about":[{"href":"https:\/\/armstrongtire.eu\/pt-pt\/wp-json\/wp\/v2\/types\/page"}],"author":[{"embeddable":true,"href":"https:\/\/armstrongtire.eu\/pt-pt\/wp-json\/wp\/v2\/users\/8"}],"replies":[{"embeddable":true,"href":"https:\/\/armstrongtire.eu\/pt-pt\/wp-json\/wp\/v2\/comments?post=3017"}],"version-history":[{"count":0,"href":"https:\/\/armstrongtire.eu\/pt-pt\/wp-json\/wp\/v2\/pages\/3017\/revisions"}],"wp:attachment":[{"href":"https:\/\/armstrongtire.eu\/pt-pt\/wp-json\/wp\/v2\/media?parent=3017"}],"curies":[{"name":"wp","href":"https:\/\/api.w.org\/{rel}","templated":true}]}}