{"id":3016,"date":"2021-04-02T12:40:14","date_gmt":"2021-04-02T12:40:14","guid":{"rendered":"https:\/\/armstrongtire.eu\/privacy-policy\/"},"modified":"2022-03-18T12:07:33","modified_gmt":"2022-03-18T12:07:33","slug":"privacy-policy","status":"publish","type":"page","link":"https:\/\/armstrongtire.eu\/fr\/privacy-policy\/","title":{"rendered":"Politique de confidentialit\u00e9"},"content":{"rendered":"<p>Date effective : 21 mai 2020<\/p>\n<p>Nous reconnaissons que votre vie priv\u00e9e est tr\u00e8s importante et la prenons au s\u00e9rieux. Cette politique de confidentialit\u00e9 et de cookies d\u00e9crit les politiques et proc\u00e9dures d\u2019Armstrongtyres sur la collecte, l\u2019utilisation et la divulgation de vos informations lorsque vous utilisez les services, le site Web propos\u00e9 par Armstrongtyres (les \u00abServices\u00bb) et vous informe sur vos droits \u00e0 la confidentialit\u00e9 et comment la loi vous prot\u00e8ge. En utilisant les Services, vous consentez \u00e0 ce que nous utilisions vos informations conform\u00e9ment \u00e0 cette politique de confidentialit\u00e9 et de cookies. Nous n\u2019utiliserons ni ne partagerons vos informations avec qui que ce soit, sauf tel que d\u00e9crit dans cette Politique de confidentialit\u00e9. Les termes en majuscules qui ne sont pas d\u00e9finis dans cette politique de confidentialit\u00e9 et de cookies ont le sens qui leur est donn\u00e9 dans nos conditions d\u2019utilisation.<\/p>\n","protected":false},"excerpt":{"rendered":"<p>Date effective : 21 mai 2020 Nous reconnaissons que votre vie priv\u00e9e est tr\u00e8s importante et la prenons au s\u00e9rieux. Cette politique de confidentialit\u00e9 et de cookies d\u00e9crit les politiques et proc\u00e9dures d\u2019Armstrongtyres sur la collecte, l\u2019utilisation et la divulgation de vos informations lorsque vous utilisez les services, le site Web propos\u00e9 par Armstrongtyres (les [&hellip;]<\/p>\n","protected":false},"author":8,"featured_media":0,"parent":0,"menu_order":0,"comment_status":"closed","ping_status":"closed","template":"template-privacy-policy.php","meta":{"_acf_changed":false,"footnotes":""},"class_list":["post-3016","page","type-page","status-publish","hentry"],"acf":[],"yoast_head":"<!-- This site is optimized with the Yoast SEO plugin v24.3 - https:\/\/yoast.com\/wordpress\/plugins\/seo\/ -->\n<title>Politique de confidentialit\u00e9 - Armstrong Tyres<\/title>\n<meta name=\"robots\" content=\"index, follow, max-snippet:-1, max-image-preview:large, max-video-preview:-1\" \/>\n<link rel=\"canonical\" href=\"https:\/\/armstrongtire.eu\/privacy-policy\/\" \/>\n<meta property=\"og:locale\" content=\"fr_FR\" \/>\n<meta property=\"og:type\" content=\"article\" \/>\n<meta property=\"og:title\" content=\"Politique de confidentialit\u00e9 - Armstrong Tyres\" \/>\n<meta property=\"og:description\" content=\"Date effective : 21 mai 2020 Nous reconnaissons que votre vie priv\u00e9e est tr\u00e8s importante et la prenons au s\u00e9rieux. Cette politique de confidentialit\u00e9 et de cookies d\u00e9crit les politiques et proc\u00e9dures d\u2019Armstrongtyres sur la collecte, l\u2019utilisation et la divulgation de vos informations lorsque vous utilisez les services, le site Web propos\u00e9 par Armstrongtyres (les [&hellip;]\" \/>\n<meta property=\"og:url\" content=\"https:\/\/armstrongtire.eu\/privacy-policy\/\" \/>\n<meta property=\"og:site_name\" content=\"Armstrong Tyres\" \/>\n<meta property=\"article:modified_time\" content=\"2022-03-18T12:07:33+00:00\" \/>\n<meta name=\"twitter:card\" content=\"summary_large_image\" \/>\n<meta name=\"twitter:label1\" content=\"Est. reading time\" \/>\n\t<meta name=\"twitter:data1\" content=\"1 minute\" \/>\n<script type=\"application\/ld+json\" class=\"yoast-schema-graph\">{\"@context\":\"https:\/\/schema.org\",\"@graph\":[{\"@type\":\"WebPage\",\"@id\":\"https:\/\/armstrongtire.eu\/privacy-policy\/\",\"url\":\"https:\/\/armstrongtire.eu\/privacy-policy\/\",\"name\":\"Politique de confidentialit\u00e9 - Armstrong Tyres\",\"isPartOf\":{\"@id\":\"https:\/\/armstrongtire.eu\/#website\"},\"datePublished\":\"2021-04-02T12:40:14+00:00\",\"dateModified\":\"2022-03-18T12:07:33+00:00\",\"breadcrumb\":{\"@id\":\"https:\/\/armstrongtire.eu\/privacy-policy\/#breadcrumb\"},\"inLanguage\":\"fr-FR\",\"potentialAction\":[{\"@type\":\"ReadAction\",\"target\":[\"https:\/\/armstrongtire.eu\/privacy-policy\/\"]}]},{\"@type\":\"BreadcrumbList\",\"@id\":\"https:\/\/armstrongtire.eu\/privacy-policy\/#breadcrumb\",\"itemListElement\":[{\"@type\":\"ListItem\",\"position\":1,\"name\":\"Home\",\"item\":\"https:\/\/armstrongtire.eu\/fr\/\"},{\"@type\":\"ListItem\",\"position\":2,\"name\":\"Politique de confidentialit\u00e9\"}]},{\"@type\":\"WebSite\",\"@id\":\"https:\/\/armstrongtire.eu\/#website\",\"url\":\"https:\/\/armstrongtire.eu\/\",\"name\":\"Armstrong Tyres\",\"description\":\"\",\"potentialAction\":[{\"@type\":\"SearchAction\",\"target\":{\"@type\":\"EntryPoint\",\"urlTemplate\":\"https:\/\/armstrongtire.eu\/?s={search_term_string}\"},\"query-input\":{\"@type\":\"PropertyValueSpecification\",\"valueRequired\":true,\"valueName\":\"search_term_string\"}}],\"inLanguage\":\"fr-FR\"}]}<\/script>\n<!-- \/ Yoast SEO plugin. -->","yoast_head_json":{"title":"Politique de confidentialit\u00e9 - Armstrong Tyres","robots":{"index":"index","follow":"follow","max-snippet":"max-snippet:-1","max-image-preview":"max-image-preview:large","max-video-preview":"max-video-preview:-1"},"canonical":"https:\/\/armstrongtire.eu\/privacy-policy\/","og_locale":"fr_FR","og_type":"article","og_title":"Politique de confidentialit\u00e9 - Armstrong Tyres","og_description":"Date effective : 21 mai 2020 Nous reconnaissons que votre vie priv\u00e9e est tr\u00e8s importante et la prenons au s\u00e9rieux. Cette politique de confidentialit\u00e9 et de cookies d\u00e9crit les politiques et proc\u00e9dures d\u2019Armstrongtyres sur la collecte, l\u2019utilisation et la divulgation de vos informations lorsque vous utilisez les services, le site Web propos\u00e9 par Armstrongtyres (les [&hellip;]","og_url":"https:\/\/armstrongtire.eu\/privacy-policy\/","og_site_name":"Armstrong Tyres","article_modified_time":"2022-03-18T12:07:33+00:00","twitter_card":"summary_large_image","twitter_misc":{"Est. reading time":"1 minute"},"schema":{"@context":"https:\/\/schema.org","@graph":[{"@type":"WebPage","@id":"https:\/\/armstrongtire.eu\/privacy-policy\/","url":"https:\/\/armstrongtire.eu\/privacy-policy\/","name":"Politique de confidentialit\u00e9 - Armstrong Tyres","isPartOf":{"@id":"https:\/\/armstrongtire.eu\/#website"},"datePublished":"2021-04-02T12:40:14+00:00","dateModified":"2022-03-18T12:07:33+00:00","breadcrumb":{"@id":"https:\/\/armstrongtire.eu\/privacy-policy\/#breadcrumb"},"inLanguage":"fr-FR","potentialAction":[{"@type":"ReadAction","target":["https:\/\/armstrongtire.eu\/privacy-policy\/"]}]},{"@type":"BreadcrumbList","@id":"https:\/\/armstrongtire.eu\/privacy-policy\/#breadcrumb","itemListElement":[{"@type":"ListItem","position":1,"name":"Home","item":"https:\/\/armstrongtire.eu\/fr\/"},{"@type":"ListItem","position":2,"name":"Politique de confidentialit\u00e9"}]},{"@type":"WebSite","@id":"https:\/\/armstrongtire.eu\/#website","url":"https:\/\/armstrongtire.eu\/","name":"Armstrong Tyres","description":"","potentialAction":[{"@type":"SearchAction","target":{"@type":"EntryPoint","urlTemplate":"https:\/\/armstrongtire.eu\/?s={search_term_string}"},"query-input":{"@type":"PropertyValueSpecification","valueRequired":true,"valueName":"search_term_string"}}],"inLanguage":"fr-FR"}]}},"_links":{"self":[{"href":"https:\/\/armstrongtire.eu\/fr\/wp-json\/wp\/v2\/pages\/3016","targetHints":{"allow":["GET"]}}],"collection":[{"href":"https:\/\/armstrongtire.eu\/fr\/wp-json\/wp\/v2\/pages"}],"about":[{"href":"https:\/\/armstrongtire.eu\/fr\/wp-json\/wp\/v2\/types\/page"}],"author":[{"embeddable":true,"href":"https:\/\/armstrongtire.eu\/fr\/wp-json\/wp\/v2\/users\/8"}],"replies":[{"embeddable":true,"href":"https:\/\/armstrongtire.eu\/fr\/wp-json\/wp\/v2\/comments?post=3016"}],"version-history":[{"count":0,"href":"https:\/\/armstrongtire.eu\/fr\/wp-json\/wp\/v2\/pages\/3016\/revisions"}],"wp:attachment":[{"href":"https:\/\/armstrongtire.eu\/fr\/wp-json\/wp\/v2\/media?parent=3016"}],"curies":[{"name":"wp","href":"https:\/\/api.w.org\/{rel}","templated":true}]}}