{"id":2849,"date":"2021-04-02T12:40:14","date_gmt":"2021-04-02T12:40:14","guid":{"rendered":"https:\/\/armstrongtire.eu\/privacy-policy\/"},"modified":"2022-03-18T12:08:06","modified_gmt":"2022-03-18T12:08:06","slug":"privacy-policy","status":"publish","type":"page","link":"https:\/\/armstrongtire.eu\/de\/privacy-policy\/","title":{"rendered":"Datenschutzrichtlinie"},"content":{"rendered":"<p>Datum des Inkrafttretens : 21. Mai 2020<\/p>\n<p>Wir erkennen an, dass Ihre Privatsph\u00e4re sehr wichtig ist und nehmen sie ernst. Diese Datenschutzrichtlinie und Cookies-Richtlinie beschreibt die Richtlinien und Verfahren von Armstrongtyres zur Erfassung, Nutzung und Weitergabe Ihrer Daten, wenn Sie die von Armstrongtyres angebotenen Dienstleistungen und die Website von Armstrongtyres (die \u201cDienstleistungen\u201d) nutzen, und informiert Sie \u00fcber Ihre Datenschutzrechte und dar\u00fcber, wie das Gesetz Sie sch\u00fctzt. Durch die Nutzung der Dienste erkl\u00e4ren Sie sich damit einverstanden, dass wir Ihre Informationen in \u00dcbereinstimmung mit dieser Datenschutzrichtlinie und Cookie-Richtlinie verwenden. Wir werden Ihre pers\u00f6nlichen Informationen nicht verwenden oder an Dritte weitergeben, es sei denn, dies ist in diesen Datenschutzrichtlinie und Cookie-Richtlinien beschrieben. Begriffe in Gro\u00dfbuchstaben, die nicht in diesen Datenschutzrichtlinie und Cookie-Richtlinien definiert sind, haben die Bedeutung, die ihnen in unseren Nutzungsbedingungen gegeben wird.<\/p>\n","protected":false},"excerpt":{"rendered":"<p>Datum des Inkrafttretens : 21. Mai 2020 Wir erkennen an, dass Ihre Privatsph\u00e4re sehr wichtig ist und nehmen sie ernst. Diese Datenschutzrichtlinie und Cookies-Richtlinie beschreibt die Richtlinien und Verfahren von Armstrongtyres zur Erfassung, Nutzung und Weitergabe Ihrer Daten, wenn Sie die von Armstrongtyres angebotenen Dienstleistungen und die Website von Armstrongtyres (die \u201cDienstleistungen\u201d) nutzen, und informiert [&hellip;]<\/p>\n","protected":false},"author":8,"featured_media":0,"parent":0,"menu_order":0,"comment_status":"closed","ping_status":"closed","template":"template-privacy-policy.php","meta":{"_acf_changed":false,"footnotes":""},"class_list":["post-2849","page","type-page","status-publish","hentry"],"acf":[],"yoast_head":"<!-- This site is optimized with the Yoast SEO plugin v24.3 - https:\/\/yoast.com\/wordpress\/plugins\/seo\/ -->\n<title>Datenschutzrichtlinie - Armstrong Tyres<\/title>\n<meta name=\"robots\" content=\"index, follow, max-snippet:-1, max-image-preview:large, max-video-preview:-1\" \/>\n<link rel=\"canonical\" href=\"https:\/\/armstrongtire.eu\/privacy-policy\/\" \/>\n<meta property=\"og:locale\" content=\"de_DE\" \/>\n<meta property=\"og:type\" content=\"article\" \/>\n<meta property=\"og:title\" content=\"Datenschutzrichtlinie - Armstrong Tyres\" \/>\n<meta property=\"og:description\" content=\"Datum des Inkrafttretens : 21. Mai 2020 Wir erkennen an, dass Ihre Privatsph\u00e4re sehr wichtig ist und nehmen sie ernst. Diese Datenschutzrichtlinie und Cookies-Richtlinie beschreibt die Richtlinien und Verfahren von Armstrongtyres zur Erfassung, Nutzung und Weitergabe Ihrer Daten, wenn Sie die von Armstrongtyres angebotenen Dienstleistungen und die Website von Armstrongtyres (die \u201cDienstleistungen\u201d) nutzen, und informiert [&hellip;]\" \/>\n<meta property=\"og:url\" content=\"https:\/\/armstrongtire.eu\/privacy-policy\/\" \/>\n<meta property=\"og:site_name\" content=\"Armstrong Tyres\" \/>\n<meta property=\"article:modified_time\" content=\"2022-03-18T12:08:06+00:00\" \/>\n<meta name=\"twitter:card\" content=\"summary_large_image\" \/>\n<meta name=\"twitter:label1\" content=\"Est. reading time\" \/>\n\t<meta name=\"twitter:data1\" content=\"1 minute\" \/>\n<script type=\"application\/ld+json\" class=\"yoast-schema-graph\">{\"@context\":\"https:\/\/schema.org\",\"@graph\":[{\"@type\":\"WebPage\",\"@id\":\"https:\/\/armstrongtire.eu\/privacy-policy\/\",\"url\":\"https:\/\/armstrongtire.eu\/privacy-policy\/\",\"name\":\"Datenschutzrichtlinie - Armstrong Tyres\",\"isPartOf\":{\"@id\":\"https:\/\/armstrongtire.eu\/#website\"},\"datePublished\":\"2021-04-02T12:40:14+00:00\",\"dateModified\":\"2022-03-18T12:08:06+00:00\",\"breadcrumb\":{\"@id\":\"https:\/\/armstrongtire.eu\/privacy-policy\/#breadcrumb\"},\"inLanguage\":\"de-DE\",\"potentialAction\":[{\"@type\":\"ReadAction\",\"target\":[\"https:\/\/armstrongtire.eu\/privacy-policy\/\"]}]},{\"@type\":\"BreadcrumbList\",\"@id\":\"https:\/\/armstrongtire.eu\/privacy-policy\/#breadcrumb\",\"itemListElement\":[{\"@type\":\"ListItem\",\"position\":1,\"name\":\"Home\",\"item\":\"https:\/\/armstrongtire.eu\/de\/\"},{\"@type\":\"ListItem\",\"position\":2,\"name\":\"Datenschutzrichtlinie\"}]},{\"@type\":\"WebSite\",\"@id\":\"https:\/\/armstrongtire.eu\/#website\",\"url\":\"https:\/\/armstrongtire.eu\/\",\"name\":\"Armstrong Tyres\",\"description\":\"\",\"potentialAction\":[{\"@type\":\"SearchAction\",\"target\":{\"@type\":\"EntryPoint\",\"urlTemplate\":\"https:\/\/armstrongtire.eu\/?s={search_term_string}\"},\"query-input\":{\"@type\":\"PropertyValueSpecification\",\"valueRequired\":true,\"valueName\":\"search_term_string\"}}],\"inLanguage\":\"de-DE\"}]}<\/script>\n<!-- \/ Yoast SEO plugin. -->","yoast_head_json":{"title":"Datenschutzrichtlinie - Armstrong Tyres","robots":{"index":"index","follow":"follow","max-snippet":"max-snippet:-1","max-image-preview":"max-image-preview:large","max-video-preview":"max-video-preview:-1"},"canonical":"https:\/\/armstrongtire.eu\/privacy-policy\/","og_locale":"de_DE","og_type":"article","og_title":"Datenschutzrichtlinie - Armstrong Tyres","og_description":"Datum des Inkrafttretens : 21. Mai 2020 Wir erkennen an, dass Ihre Privatsph\u00e4re sehr wichtig ist und nehmen sie ernst. Diese Datenschutzrichtlinie und Cookies-Richtlinie beschreibt die Richtlinien und Verfahren von Armstrongtyres zur Erfassung, Nutzung und Weitergabe Ihrer Daten, wenn Sie die von Armstrongtyres angebotenen Dienstleistungen und die Website von Armstrongtyres (die \u201cDienstleistungen\u201d) nutzen, und informiert [&hellip;]","og_url":"https:\/\/armstrongtire.eu\/privacy-policy\/","og_site_name":"Armstrong Tyres","article_modified_time":"2022-03-18T12:08:06+00:00","twitter_card":"summary_large_image","twitter_misc":{"Est. reading time":"1 minute"},"schema":{"@context":"https:\/\/schema.org","@graph":[{"@type":"WebPage","@id":"https:\/\/armstrongtire.eu\/privacy-policy\/","url":"https:\/\/armstrongtire.eu\/privacy-policy\/","name":"Datenschutzrichtlinie - Armstrong Tyres","isPartOf":{"@id":"https:\/\/armstrongtire.eu\/#website"},"datePublished":"2021-04-02T12:40:14+00:00","dateModified":"2022-03-18T12:08:06+00:00","breadcrumb":{"@id":"https:\/\/armstrongtire.eu\/privacy-policy\/#breadcrumb"},"inLanguage":"de-DE","potentialAction":[{"@type":"ReadAction","target":["https:\/\/armstrongtire.eu\/privacy-policy\/"]}]},{"@type":"BreadcrumbList","@id":"https:\/\/armstrongtire.eu\/privacy-policy\/#breadcrumb","itemListElement":[{"@type":"ListItem","position":1,"name":"Home","item":"https:\/\/armstrongtire.eu\/de\/"},{"@type":"ListItem","position":2,"name":"Datenschutzrichtlinie"}]},{"@type":"WebSite","@id":"https:\/\/armstrongtire.eu\/#website","url":"https:\/\/armstrongtire.eu\/","name":"Armstrong Tyres","description":"","potentialAction":[{"@type":"SearchAction","target":{"@type":"EntryPoint","urlTemplate":"https:\/\/armstrongtire.eu\/?s={search_term_string}"},"query-input":{"@type":"PropertyValueSpecification","valueRequired":true,"valueName":"search_term_string"}}],"inLanguage":"de-DE"}]}},"_links":{"self":[{"href":"https:\/\/armstrongtire.eu\/de\/wp-json\/wp\/v2\/pages\/2849","targetHints":{"allow":["GET"]}}],"collection":[{"href":"https:\/\/armstrongtire.eu\/de\/wp-json\/wp\/v2\/pages"}],"about":[{"href":"https:\/\/armstrongtire.eu\/de\/wp-json\/wp\/v2\/types\/page"}],"author":[{"embeddable":true,"href":"https:\/\/armstrongtire.eu\/de\/wp-json\/wp\/v2\/users\/8"}],"replies":[{"embeddable":true,"href":"https:\/\/armstrongtire.eu\/de\/wp-json\/wp\/v2\/comments?post=2849"}],"version-history":[{"count":0,"href":"https:\/\/armstrongtire.eu\/de\/wp-json\/wp\/v2\/pages\/2849\/revisions"}],"wp:attachment":[{"href":"https:\/\/armstrongtire.eu\/de\/wp-json\/wp\/v2\/media?parent=2849"}],"curies":[{"name":"wp","href":"https:\/\/api.w.org\/{rel}","templated":true}]}}