{"id":4509,"date":"2019-06-24T23:05:36","date_gmt":"2019-06-24T23:05:36","guid":{"rendered":"https:\/\/armstrongtire.eu\/dealer-locator\/"},"modified":"2021-06-19T09:51:41","modified_gmt":"2021-06-19T09:51:41","slug":"dealer-locator","status":"publish","type":"page","link":"https:\/\/armstrongtire.eu\/cs\/dealer-locator\/","title":{"rendered":"Vyhledat prodejce"},"content":{"rendered":"<p>Zadejte sv\u00e9 m\u011bsto, St\u00e1t, Po\u0161tovn\u00ed sm\u011brovac\u00ed \u010d\u00edslo nebo po\u0161tovn\u00ed adresa k vyhled\u00e1n\u00ed prodejce nebo velkoobchodn\u00ed spole\u010dnosti Armstrong ve va\u0161em okol\u00ed.<\/p>\n<style>\r\n\t#wpsl-stores .wpsl-store-thumb {height:45px !important; width:45px !important;}\r\n\t#wpsl-stores, #wpsl-direction-details, #wpsl-gmap {height:350px !important;}\r\n\t#wpsl-gmap .wpsl-info-window {max-width:225px !important;}\r\n\t.wpsl-input label, #wpsl-radius label, #wpsl-category label {width:95px;}\r\n\t#wpsl-search-input  {width:179px;}\r\n<\/style>\r\n<div id=\"wpsl-wrap\">\r\n\t<div class=\"wpsl-search wpsl-clearfix \">\r\n\t\t<div id=\"wpsl-search-wrap\">\r\n\t\t\t<form autocomplete=\"off\">\r\n\t\t\t<div class=\"wpsl-input\">\r\n\t\t\t\t<div><label for=\"wpsl-search-input\">Your location<\/label><\/div>\r\n\t\t\t\t<input id=\"wpsl-search-input\" type=\"text\" value=\"\" name=\"wpsl-search-input\" placeholder=\"\" aria-required=\"true\" \/>\r\n\t\t\t<\/div>\r\n\t\t\t<div class=\"wpsl-select-wrap\">\r\n\t\t\t\t<div id=\"wpsl-radius\">\r\n\t\t\t\t\t<label for=\"wpsl-radius-dropdown\">Search radius<\/label>\r\n\t\t\t\t\t<select id=\"wpsl-radius-dropdown\" class=\"wpsl-dropdown\" name=\"wpsl-radius\">\r\n\t\t\t\t\t\t<option value=\"10\">10 km<\/option><option value=\"25\">25 km<\/option><option selected=\"selected\" value=\"50\">50 km<\/option><option value=\"100\">100 km<\/option><option value=\"200\">200 km<\/option><option value=\"500\">500 km<\/option>\r\n\t\t\t\t\t<\/select>\r\n\t\t\t\t<\/div>\r\n\t\t\t\t<div id=\"wpsl-results\">\r\n\t\t\t\t\t<label for=\"wpsl-results-dropdown\">Results<\/label>\r\n\t\t\t\t\t<select id=\"wpsl-results-dropdown\" class=\"wpsl-dropdown\" name=\"wpsl-results\">\r\n\t\t\t\t\t\t<option selected=\"selected\" value=\"25\">25<\/option><option value=\"50\">50<\/option><option value=\"75\">75<\/option><option value=\"100\">100<\/option>\r\n\t\t\t\t\t<\/select>\r\n\t\t\t\t<\/div>\r\n\t\t\t<\/div>\r\n\t\t\t\t<div class=\"wpsl-search-btn-wrap\"><input id=\"wpsl-search-btn\" type=\"submit\" value=\"Search\"><\/div>\r\n\t\t<\/form>\r\n\t\t<\/div>\r\n\t<\/div>\r\n\t<div id=\"wpsl-gmap\" class=\"wpsl-gmap-canvas\"><\/div>\r\n\t<div id=\"wpsl-result-list\">\r\n\t\t<div id=\"wpsl-stores\" >\r\n\t\t\t<ul><\/ul>\r\n\t\t<\/div>\r\n\t\t<div id=\"wpsl-direction-details\">\r\n\t\t\t<ul><\/ul>\r\n\t\t<\/div>\r\n\t<\/div>\r\n<\/div>\r\n\n","protected":false},"excerpt":{"rendered":"<p>Zadejte sv\u00e9 m\u011bsto, St\u00e1t, Po\u0161tovn\u00ed sm\u011brovac\u00ed \u010d\u00edslo nebo po\u0161tovn\u00ed adresa k vyhled\u00e1n\u00ed prodejce nebo velkoobchodn\u00ed spole\u010dnosti Armstrong ve va\u0161em okol\u00ed.<\/p>\n","protected":false},"author":2,"featured_media":0,"parent":0,"menu_order":0,"comment_status":"closed","ping_status":"closed","template":"template-dealer-locator.php","meta":{"_acf_changed":false,"footnotes":""},"class_list":["post-4509","page","type-page","status-publish","hentry"],"acf":[],"yoast_head":"<!-- This site is optimized with the Yoast SEO plugin v24.3 - https:\/\/yoast.com\/wordpress\/plugins\/seo\/ -->\n<title>Vyhledat prodejce - Armstrong Tyres<\/title>\n<meta name=\"robots\" content=\"index, follow, max-snippet:-1, max-image-preview:large, max-video-preview:-1\" \/>\n<link rel=\"canonical\" href=\"https:\/\/armstrongtire.eu\/dealer-locator\/\" \/>\n<meta property=\"og:locale\" content=\"cs_CZ\" \/>\n<meta property=\"og:type\" content=\"article\" \/>\n<meta property=\"og:title\" content=\"Vyhledat prodejce - Armstrong Tyres\" \/>\n<meta property=\"og:description\" content=\"Zadejte sv\u00e9 m\u011bsto, St\u00e1t, Po\u0161tovn\u00ed sm\u011brovac\u00ed \u010d\u00edslo nebo po\u0161tovn\u00ed adresa k vyhled\u00e1n\u00ed prodejce nebo velkoobchodn\u00ed spole\u010dnosti Armstrong ve va\u0161em okol\u00ed.\" \/>\n<meta property=\"og:url\" content=\"https:\/\/armstrongtire.eu\/dealer-locator\/\" \/>\n<meta property=\"og:site_name\" content=\"Armstrong Tyres\" \/>\n<meta property=\"article:modified_time\" content=\"2021-06-19T09:51:41+00:00\" \/>\n<meta name=\"twitter:card\" content=\"summary_large_image\" \/>\n<script type=\"application\/ld+json\" class=\"yoast-schema-graph\">{\"@context\":\"https:\/\/schema.org\",\"@graph\":[{\"@type\":\"WebPage\",\"@id\":\"https:\/\/armstrongtire.eu\/dealer-locator\/\",\"url\":\"https:\/\/armstrongtire.eu\/dealer-locator\/\",\"name\":\"Vyhledat prodejce - Armstrong Tyres\",\"isPartOf\":{\"@id\":\"https:\/\/armstrongtire.eu\/#website\"},\"datePublished\":\"2019-06-24T23:05:36+00:00\",\"dateModified\":\"2021-06-19T09:51:41+00:00\",\"breadcrumb\":{\"@id\":\"https:\/\/armstrongtire.eu\/dealer-locator\/#breadcrumb\"},\"inLanguage\":\"cs-CZ\",\"potentialAction\":[{\"@type\":\"ReadAction\",\"target\":[\"https:\/\/armstrongtire.eu\/dealer-locator\/\"]}]},{\"@type\":\"BreadcrumbList\",\"@id\":\"https:\/\/armstrongtire.eu\/dealer-locator\/#breadcrumb\",\"itemListElement\":[{\"@type\":\"ListItem\",\"position\":1,\"name\":\"Home\",\"item\":\"https:\/\/armstrongtire.eu\/cs\/\"},{\"@type\":\"ListItem\",\"position\":2,\"name\":\"Vyhledat prodejce\"}]},{\"@type\":\"WebSite\",\"@id\":\"https:\/\/armstrongtire.eu\/#website\",\"url\":\"https:\/\/armstrongtire.eu\/\",\"name\":\"Armstrong Tyres\",\"description\":\"\",\"potentialAction\":[{\"@type\":\"SearchAction\",\"target\":{\"@type\":\"EntryPoint\",\"urlTemplate\":\"https:\/\/armstrongtire.eu\/?s={search_term_string}\"},\"query-input\":{\"@type\":\"PropertyValueSpecification\",\"valueRequired\":true,\"valueName\":\"search_term_string\"}}],\"inLanguage\":\"cs-CZ\"}]}<\/script>\n<!-- \/ Yoast SEO plugin. -->","yoast_head_json":{"title":"Vyhledat prodejce - Armstrong Tyres","robots":{"index":"index","follow":"follow","max-snippet":"max-snippet:-1","max-image-preview":"max-image-preview:large","max-video-preview":"max-video-preview:-1"},"canonical":"https:\/\/armstrongtire.eu\/dealer-locator\/","og_locale":"cs_CZ","og_type":"article","og_title":"Vyhledat prodejce - Armstrong Tyres","og_description":"Zadejte sv\u00e9 m\u011bsto, St\u00e1t, Po\u0161tovn\u00ed sm\u011brovac\u00ed \u010d\u00edslo nebo po\u0161tovn\u00ed adresa k vyhled\u00e1n\u00ed prodejce nebo velkoobchodn\u00ed spole\u010dnosti Armstrong ve va\u0161em okol\u00ed.","og_url":"https:\/\/armstrongtire.eu\/dealer-locator\/","og_site_name":"Armstrong Tyres","article_modified_time":"2021-06-19T09:51:41+00:00","twitter_card":"summary_large_image","schema":{"@context":"https:\/\/schema.org","@graph":[{"@type":"WebPage","@id":"https:\/\/armstrongtire.eu\/dealer-locator\/","url":"https:\/\/armstrongtire.eu\/dealer-locator\/","name":"Vyhledat prodejce - Armstrong Tyres","isPartOf":{"@id":"https:\/\/armstrongtire.eu\/#website"},"datePublished":"2019-06-24T23:05:36+00:00","dateModified":"2021-06-19T09:51:41+00:00","breadcrumb":{"@id":"https:\/\/armstrongtire.eu\/dealer-locator\/#breadcrumb"},"inLanguage":"cs-CZ","potentialAction":[{"@type":"ReadAction","target":["https:\/\/armstrongtire.eu\/dealer-locator\/"]}]},{"@type":"BreadcrumbList","@id":"https:\/\/armstrongtire.eu\/dealer-locator\/#breadcrumb","itemListElement":[{"@type":"ListItem","position":1,"name":"Home","item":"https:\/\/armstrongtire.eu\/cs\/"},{"@type":"ListItem","position":2,"name":"Vyhledat prodejce"}]},{"@type":"WebSite","@id":"https:\/\/armstrongtire.eu\/#website","url":"https:\/\/armstrongtire.eu\/","name":"Armstrong Tyres","description":"","potentialAction":[{"@type":"SearchAction","target":{"@type":"EntryPoint","urlTemplate":"https:\/\/armstrongtire.eu\/?s={search_term_string}"},"query-input":{"@type":"PropertyValueSpecification","valueRequired":true,"valueName":"search_term_string"}}],"inLanguage":"cs-CZ"}]}},"_links":{"self":[{"href":"https:\/\/armstrongtire.eu\/cs\/wp-json\/wp\/v2\/pages\/4509","targetHints":{"allow":["GET"]}}],"collection":[{"href":"https:\/\/armstrongtire.eu\/cs\/wp-json\/wp\/v2\/pages"}],"about":[{"href":"https:\/\/armstrongtire.eu\/cs\/wp-json\/wp\/v2\/types\/page"}],"author":[{"embeddable":true,"href":"https:\/\/armstrongtire.eu\/cs\/wp-json\/wp\/v2\/users\/2"}],"replies":[{"embeddable":true,"href":"https:\/\/armstrongtire.eu\/cs\/wp-json\/wp\/v2\/comments?post=4509"}],"version-history":[{"count":0,"href":"https:\/\/armstrongtire.eu\/cs\/wp-json\/wp\/v2\/pages\/4509\/revisions"}],"wp:attachment":[{"href":"https:\/\/armstrongtire.eu\/cs\/wp-json\/wp\/v2\/media?parent=4509"}],"curies":[{"name":"wp","href":"https:\/\/api.w.org\/{rel}","templated":true}]}}