{"id":4502,"date":"2021-04-02T12:39:56","date_gmt":"2021-04-02T12:39:56","guid":{"rendered":"https:\/\/armstrongtire.eu\/terms-conditions\/"},"modified":"2021-06-16T15:53:40","modified_gmt":"2021-06-16T15:53:40","slug":"terms-conditions","status":"publish","type":"page","link":"https:\/\/armstrongtire.eu\/cs\/terms-conditions\/","title":{"rendered":"V\u0161eobecn\u00e9 obchodn\u00ed podm\u00ednky"},"content":{"rendered":"<p>Effective Date: 21 May 2020<\/p>\n","protected":false},"excerpt":{"rendered":"<p>Effective Date: 21 May 2020<\/p>\n","protected":false},"author":8,"featured_media":0,"parent":0,"menu_order":0,"comment_status":"closed","ping_status":"closed","template":"template-privacy-policy.php","meta":{"_acf_changed":false,"footnotes":""},"class_list":["post-4502","page","type-page","status-publish","hentry"],"acf":[],"yoast_head":"<!-- This site is optimized with the Yoast SEO plugin v24.3 - https:\/\/yoast.com\/wordpress\/plugins\/seo\/ -->\n<title>V\u0161eobecn\u00e9 obchodn\u00ed podm\u00ednky - Armstrong Tyres<\/title>\n<meta name=\"robots\" content=\"index, follow, max-snippet:-1, max-image-preview:large, max-video-preview:-1\" \/>\n<link rel=\"canonical\" href=\"https:\/\/armstrongtire.eu\/terms-conditions\/\" \/>\n<meta property=\"og:locale\" content=\"cs_CZ\" \/>\n<meta property=\"og:type\" content=\"article\" \/>\n<meta property=\"og:title\" content=\"V\u0161eobecn\u00e9 obchodn\u00ed podm\u00ednky - Armstrong Tyres\" \/>\n<meta property=\"og:description\" content=\"Effective Date: 21 May 2020\" \/>\n<meta property=\"og:url\" content=\"https:\/\/armstrongtire.eu\/terms-conditions\/\" \/>\n<meta property=\"og:site_name\" content=\"Armstrong Tyres\" \/>\n<meta property=\"article:modified_time\" content=\"2021-06-16T15:53:40+00:00\" \/>\n<meta name=\"twitter:card\" content=\"summary_large_image\" \/>\n<script type=\"application\/ld+json\" class=\"yoast-schema-graph\">{\"@context\":\"https:\/\/schema.org\",\"@graph\":[{\"@type\":\"WebPage\",\"@id\":\"https:\/\/armstrongtire.eu\/terms-conditions\/\",\"url\":\"https:\/\/armstrongtire.eu\/terms-conditions\/\",\"name\":\"V\u0161eobecn\u00e9 obchodn\u00ed podm\u00ednky - Armstrong Tyres\",\"isPartOf\":{\"@id\":\"https:\/\/armstrongtire.eu\/#website\"},\"datePublished\":\"2021-04-02T12:39:56+00:00\",\"dateModified\":\"2021-06-16T15:53:40+00:00\",\"breadcrumb\":{\"@id\":\"https:\/\/armstrongtire.eu\/terms-conditions\/#breadcrumb\"},\"inLanguage\":\"cs-CZ\",\"potentialAction\":[{\"@type\":\"ReadAction\",\"target\":[\"https:\/\/armstrongtire.eu\/terms-conditions\/\"]}]},{\"@type\":\"BreadcrumbList\",\"@id\":\"https:\/\/armstrongtire.eu\/terms-conditions\/#breadcrumb\",\"itemListElement\":[{\"@type\":\"ListItem\",\"position\":1,\"name\":\"Home\",\"item\":\"https:\/\/armstrongtire.eu\/cs\/\"},{\"@type\":\"ListItem\",\"position\":2,\"name\":\"V\u0161eobecn\u00e9 obchodn\u00ed podm\u00ednky\"}]},{\"@type\":\"WebSite\",\"@id\":\"https:\/\/armstrongtire.eu\/#website\",\"url\":\"https:\/\/armstrongtire.eu\/\",\"name\":\"Armstrong Tyres\",\"description\":\"\",\"potentialAction\":[{\"@type\":\"SearchAction\",\"target\":{\"@type\":\"EntryPoint\",\"urlTemplate\":\"https:\/\/armstrongtire.eu\/?s={search_term_string}\"},\"query-input\":{\"@type\":\"PropertyValueSpecification\",\"valueRequired\":true,\"valueName\":\"search_term_string\"}}],\"inLanguage\":\"cs-CZ\"}]}<\/script>\n<!-- \/ Yoast SEO plugin. -->","yoast_head_json":{"title":"V\u0161eobecn\u00e9 obchodn\u00ed podm\u00ednky - Armstrong Tyres","robots":{"index":"index","follow":"follow","max-snippet":"max-snippet:-1","max-image-preview":"max-image-preview:large","max-video-preview":"max-video-preview:-1"},"canonical":"https:\/\/armstrongtire.eu\/terms-conditions\/","og_locale":"cs_CZ","og_type":"article","og_title":"V\u0161eobecn\u00e9 obchodn\u00ed podm\u00ednky - Armstrong Tyres","og_description":"Effective Date: 21 May 2020","og_url":"https:\/\/armstrongtire.eu\/terms-conditions\/","og_site_name":"Armstrong Tyres","article_modified_time":"2021-06-16T15:53:40+00:00","twitter_card":"summary_large_image","schema":{"@context":"https:\/\/schema.org","@graph":[{"@type":"WebPage","@id":"https:\/\/armstrongtire.eu\/terms-conditions\/","url":"https:\/\/armstrongtire.eu\/terms-conditions\/","name":"V\u0161eobecn\u00e9 obchodn\u00ed podm\u00ednky - Armstrong Tyres","isPartOf":{"@id":"https:\/\/armstrongtire.eu\/#website"},"datePublished":"2021-04-02T12:39:56+00:00","dateModified":"2021-06-16T15:53:40+00:00","breadcrumb":{"@id":"https:\/\/armstrongtire.eu\/terms-conditions\/#breadcrumb"},"inLanguage":"cs-CZ","potentialAction":[{"@type":"ReadAction","target":["https:\/\/armstrongtire.eu\/terms-conditions\/"]}]},{"@type":"BreadcrumbList","@id":"https:\/\/armstrongtire.eu\/terms-conditions\/#breadcrumb","itemListElement":[{"@type":"ListItem","position":1,"name":"Home","item":"https:\/\/armstrongtire.eu\/cs\/"},{"@type":"ListItem","position":2,"name":"V\u0161eobecn\u00e9 obchodn\u00ed podm\u00ednky"}]},{"@type":"WebSite","@id":"https:\/\/armstrongtire.eu\/#website","url":"https:\/\/armstrongtire.eu\/","name":"Armstrong Tyres","description":"","potentialAction":[{"@type":"SearchAction","target":{"@type":"EntryPoint","urlTemplate":"https:\/\/armstrongtire.eu\/?s={search_term_string}"},"query-input":{"@type":"PropertyValueSpecification","valueRequired":true,"valueName":"search_term_string"}}],"inLanguage":"cs-CZ"}]}},"_links":{"self":[{"href":"https:\/\/armstrongtire.eu\/cs\/wp-json\/wp\/v2\/pages\/4502","targetHints":{"allow":["GET"]}}],"collection":[{"href":"https:\/\/armstrongtire.eu\/cs\/wp-json\/wp\/v2\/pages"}],"about":[{"href":"https:\/\/armstrongtire.eu\/cs\/wp-json\/wp\/v2\/types\/page"}],"author":[{"embeddable":true,"href":"https:\/\/armstrongtire.eu\/cs\/wp-json\/wp\/v2\/users\/8"}],"replies":[{"embeddable":true,"href":"https:\/\/armstrongtire.eu\/cs\/wp-json\/wp\/v2\/comments?post=4502"}],"version-history":[{"count":0,"href":"https:\/\/armstrongtire.eu\/cs\/wp-json\/wp\/v2\/pages\/4502\/revisions"}],"wp:attachment":[{"href":"https:\/\/armstrongtire.eu\/cs\/wp-json\/wp\/v2\/media?parent=4502"}],"curies":[{"name":"wp","href":"https:\/\/api.w.org\/{rel}","templated":true}]}}